{"id":433,"date":"2025-07-31T14:15:34","date_gmt":"2025-07-31T14:15:34","guid":{"rendered":"https:\/\/megaexpovillamaria.com.ar\/exposicion-villa-maria\/?page_id=433"},"modified":"2025-09-02T21:19:31","modified_gmt":"2025-09-02T21:19:31","slug":"animales","status":"publish","type":"page","link":"https:\/\/megaexpovillamaria.com.ar\/exposicion-villa-maria\/animales\/","title":{"rendered":"Animales"},"content":{"rendered":"\t\t<div data-elementor-type=\"wp-page\" data-elementor-id=\"433\" class=\"elementor elementor-433\">\n\t\t\t\t<div class=\"elementor-element elementor-element-7686c805 e-flex e-con-boxed e-con e-parent\" data-id=\"7686c805\" data-element_type=\"container\" data-e-type=\"container\" data-settings=\"{&quot;background_background&quot;:&quot;classic&quot;}\">\n\t\t\t\t\t<div class=\"e-con-inner\">\n\t\t\t\t<div class=\"elementor-element elementor-element-59160bb8 elementor-widget__width-initial elementor-widget elementor-widget-elementskit-heading\" data-id=\"59160bb8\" data-element_type=\"widget\" data-e-type=\"widget\" data-widget_type=\"elementskit-heading.default\">\n\t\t\t\t<div class=\"elementor-widget-container\">\n\t\t\t\t\t<div class=\"ekit-wid-con\" ><div class=\"ekit-heading elementskit-section-title-wraper center   ekit_heading_tablet-   ekit_heading_mobile-\"><h2 class=\"ekit-heading--title elementskit-section-title \">ANIMALES<\/h2><\/div><\/div>\t\t\t\t<\/div>\n\t\t\t\t<\/div>\n\t\t\t\t<div class=\"elementor-element elementor-element-750e796e elementor-widget elementor-widget-heading\" data-id=\"750e796e\" data-element_type=\"widget\" data-e-type=\"widget\" data-widget_type=\"heading.default\">\n\t\t\t\t<div class=\"elementor-widget-container\">\n\t\t\t\t\t<h2 class=\"elementor-heading-title elementor-size-default\">PREDIO SRVM | 9:00 A 18:30hs<\/h2>\t\t\t\t<\/div>\n\t\t\t\t<\/div>\n\t\t\t\t\t<\/div>\n\t\t\t\t<\/div>\n\t\t<div class=\"elementor-element elementor-element-20e9db8 e-flex e-con-boxed e-con e-parent\" data-id=\"20e9db8\" data-element_type=\"container\" data-e-type=\"container\">\n\t\t\t\t\t<div class=\"e-con-inner\">\n\t\t\t\t<div class=\"elementor-element elementor-element-5c0ec48 elementor-widget elementor-widget-spacer\" data-id=\"5c0ec48\" data-element_type=\"widget\" data-e-type=\"widget\" data-widget_type=\"spacer.default\">\n\t\t\t\t<div class=\"elementor-widget-container\">\n\t\t\t\t\t\t\t<div class=\"elementor-spacer\">\n\t\t\t<div class=\"elementor-spacer-inner\"><\/div>\n\t\t<\/div>\n\t\t\t\t\t\t<\/div>\n\t\t\t\t<\/div>\n\t\t\t\t\t<\/div>\n\t\t\t\t<\/div>\n\t\t<div class=\"elementor-element elementor-element-9fd5b91 e-flex e-con-boxed e-con e-parent\" data-id=\"9fd5b91\" data-element_type=\"container\" data-e-type=\"container\">\n\t\t\t\t\t<div class=\"e-con-inner\">\n\t\t<div class=\"elementor-element elementor-element-3fb37f0 e-con-full e-flex e-con e-child\" data-id=\"3fb37f0\" data-element_type=\"container\" data-e-type=\"container\">\n\t\t\t\t<div class=\"elementor-element elementor-element-93e2fc1 elementor-widget elementor-widget-image\" data-id=\"93e2fc1\" data-element_type=\"widget\" data-e-type=\"widget\" data-widget_type=\"image.default\">\n\t\t\t\t<div class=\"elementor-widget-container\">\n\t\t\t\t\t\t\t\t\t\t\t\t\t\t\t<img fetchpriority=\"high\" decoding=\"async\" width=\"1024\" height=\"576\" src=\"https:\/\/megaexpovillamaria.com.ar\/exposicion-villa-maria\/wp-content\/uploads\/2025\/06\/holando-argentino-jura.jpg\" class=\"attachment-full size-full wp-image-222\" alt=\"\" srcset=\"https:\/\/megaexpovillamaria.com.ar\/exposicion-villa-maria\/wp-content\/uploads\/2025\/06\/holando-argentino-jura.jpg 1024w, https:\/\/megaexpovillamaria.com.ar\/exposicion-villa-maria\/wp-content\/uploads\/2025\/06\/holando-argentino-jura-300x169.jpg 300w, https:\/\/megaexpovillamaria.com.ar\/exposicion-villa-maria\/wp-content\/uploads\/2025\/06\/holando-argentino-jura-768x432.jpg 768w\" sizes=\"(max-width: 1024px) 100vw, 1024px\" \/>\t\t\t\t\t\t\t\t\t\t\t\t\t\t\t<\/div>\n\t\t\t\t<\/div>\n\t\t\t\t<\/div>\n\t\t<div class=\"elementor-element elementor-element-c278cec e-con-full e-flex e-con e-child\" data-id=\"c278cec\" data-element_type=\"container\" data-e-type=\"container\">\n\t\t\t\t<div class=\"elementor-element elementor-element-74a8821 elementor-widget elementor-widget-text-editor\" data-id=\"74a8821\" data-element_type=\"widget\" data-e-type=\"widget\" data-widget_type=\"text-editor.default\">\n\t\t\t\t<div class=\"elementor-widget-container\">\n\t\t\t\t\t\t\t\t\t<p><strong>Fiesta Nacional del Holando<br \/><br \/><\/strong><em>Jueves 4 de Septiembre<\/em><br \/>Piesta de Jura<br \/>9:00 a 12:00 hs: Jura de Admisi\u00f3n \u2013 Fiesta Nacional del Holando Argentino<\/p><p><em>Viernes 5 de Septiembre:<\/em><br \/>Pista de Jura<br \/>9:00 a 14.00 hs: Jura del Holando Argentino <br \/>Fiesta Nacional del Holando Argentino \u2013 Elecci\u00f3n de Campeones de categor\u00eda y Grandes Campeones. Participan 13 caba\u00f1as de Argentina. <br \/><em><strong>Jurado: Paulino Badiola Fern\u00e1ndez, integrante de la Confederaci\u00f3n de Asociaciones de Frisona Espa\u00f1ola.<\/strong><\/em><\/p>\t\t\t\t\t\t\t\t<\/div>\n\t\t\t\t<\/div>\n\t\t\t\t<\/div>\n\t\t\t\t\t<\/div>\n\t\t\t\t<\/div>\n\t\t<div class=\"elementor-element elementor-element-b6c45e6 e-flex e-con-boxed e-con e-parent\" data-id=\"b6c45e6\" data-element_type=\"container\" data-e-type=\"container\">\n\t\t\t\t\t<div class=\"e-con-inner\">\n\t\t<div class=\"elementor-element elementor-element-3382616 e-con-full e-flex e-con e-child\" data-id=\"3382616\" data-element_type=\"container\" data-e-type=\"container\">\n\t\t\t\t<div class=\"elementor-element elementor-element-88ba674 elementor-widget elementor-widget-image\" data-id=\"88ba674\" data-element_type=\"widget\" data-e-type=\"widget\" data-widget_type=\"image.default\">\n\t\t\t\t<div class=\"elementor-widget-container\">\n\t\t\t\t\t\t\t\t\t\t\t\t\t\t\t<img decoding=\"async\" width=\"789\" height=\"1024\" src=\"https:\/\/megaexpovillamaria.com.ar\/exposicion-villa-maria\/wp-content\/uploads\/2025\/09\/historia-remate-e1756847942264-789x1024.jpg\" class=\"attachment-large size-large wp-image-807\" alt=\"\" srcset=\"https:\/\/megaexpovillamaria.com.ar\/exposicion-villa-maria\/wp-content\/uploads\/2025\/09\/historia-remate-e1756847942264-789x1024.jpg 789w, https:\/\/megaexpovillamaria.com.ar\/exposicion-villa-maria\/wp-content\/uploads\/2025\/09\/historia-remate-e1756847942264-231x300.jpg 231w, https:\/\/megaexpovillamaria.com.ar\/exposicion-villa-maria\/wp-content\/uploads\/2025\/09\/historia-remate-e1756847942264-768x997.jpg 768w, https:\/\/megaexpovillamaria.com.ar\/exposicion-villa-maria\/wp-content\/uploads\/2025\/09\/historia-remate-e1756847942264.jpg 1080w\" sizes=\"(max-width: 789px) 100vw, 789px\" \/>\t\t\t\t\t\t\t\t\t\t\t\t\t\t\t<\/div>\n\t\t\t\t<\/div>\n\t\t\t\t<\/div>\n\t\t\t\t\t<\/div>\n\t\t\t\t<\/div>\n\t\t<div class=\"elementor-element elementor-element-001bb7c e-flex e-con-boxed e-con e-parent\" data-id=\"001bb7c\" data-element_type=\"container\" data-e-type=\"container\">\n\t\t\t\t\t<div class=\"e-con-inner\">\n\t\t<div class=\"elementor-element elementor-element-cd18445 e-con-full e-flex e-con e-child\" data-id=\"cd18445\" data-element_type=\"container\" data-e-type=\"container\">\n\t\t\t\t<div class=\"elementor-element elementor-element-d4af7dd elementor-widget elementor-widget-image\" data-id=\"d4af7dd\" data-element_type=\"widget\" data-e-type=\"widget\" data-widget_type=\"image.default\">\n\t\t\t\t<div class=\"elementor-widget-container\">\n\t\t\t\t\t\t\t\t\t\t\t\t\t\t\t<img decoding=\"async\" width=\"1024\" height=\"685\" src=\"https:\/\/megaexpovillamaria.com.ar\/exposicion-villa-maria\/wp-content\/uploads\/2025\/07\/DSC_0242.jpg\" class=\"attachment-full size-full wp-image-440\" alt=\"\" srcset=\"https:\/\/megaexpovillamaria.com.ar\/exposicion-villa-maria\/wp-content\/uploads\/2025\/07\/DSC_0242.jpg 1024w, https:\/\/megaexpovillamaria.com.ar\/exposicion-villa-maria\/wp-content\/uploads\/2025\/07\/DSC_0242-300x201.jpg 300w, https:\/\/megaexpovillamaria.com.ar\/exposicion-villa-maria\/wp-content\/uploads\/2025\/07\/DSC_0242-768x514.jpg 768w\" sizes=\"(max-width: 1024px) 100vw, 1024px\" \/>\t\t\t\t\t\t\t\t\t\t\t\t\t\t\t<\/div>\n\t\t\t\t<\/div>\n\t\t\t\t<\/div>\n\t\t<div class=\"elementor-element elementor-element-4949c10 e-con-full e-flex e-con e-child\" data-id=\"4949c10\" data-element_type=\"container\" data-e-type=\"container\">\n\t\t\t\t<div class=\"elementor-element elementor-element-4b00a5b elementor-widget elementor-widget-text-editor\" data-id=\"4b00a5b\" data-element_type=\"widget\" data-e-type=\"widget\" data-widget_type=\"text-editor.default\">\n\t\t\t\t<div class=\"elementor-widget-container\">\n\t\t\t\t\t\t\t\t\t<p><strong>Espacio de Equinos:<\/strong><br \/>(s\u00e1bado 6 y domingo 7 de septiembre)<\/p><p>El Espacio Equinos de la Mega Exposici\u00f3n del Centro Argentino, contar\u00e1 con la presencia de Maricruz Dibella, reconocida profesora de folklore y tradicionalista.<\/p><p>Desde ni\u00f1a, Maricruz Dibella ha representado a la mujer argentina \u2014la paisana, la amazona\u2014 en numerosos encuentros y concursos ecuestres, obteniendo importantes premios gracias a su rigor hist\u00f3rico y destacada habilidad, en un v\u00ednculo especial con el caballo.<\/p><p>Su disertaci\u00f3n en el marco de la Mega Exposici\u00f3n del Centro Argentino -Villa Mar\u00eda y La Regi\u00f3n-, titulada \u201cEl vestir de nuestras damas\u201d, abordar\u00e1 los usos y costumbres de la mujer argentina en el tradicionalismo, incluyendo vestimenta, ensillado y forma de montar a lo largo de la historia.<\/p>\t\t\t\t\t\t\t\t<\/div>\n\t\t\t\t<\/div>\n\t\t\t\t<\/div>\n\t\t\t\t\t<\/div>\n\t\t\t\t<\/div>\n\t\t<div class=\"elementor-element elementor-element-bc19295 e-flex e-con-boxed e-con e-parent\" data-id=\"bc19295\" data-element_type=\"container\" data-e-type=\"container\">\n\t\t\t\t\t<div class=\"e-con-inner\">\n\t\t\t\t<div class=\"elementor-element elementor-element-31157ec elementor-widget elementor-widget-text-editor\" data-id=\"31157ec\" data-element_type=\"widget\" data-e-type=\"widget\" data-widget_type=\"text-editor.default\">\n\t\t\t\t<div class=\"elementor-widget-container\">\n\t\t\t\t\t\t\t\t\t<p><strong>Coordinaci\u00f3n del espacio: Alfredo Gadara &#8211; presidente de la ESIL Villa Mar\u00eda.<\/strong><\/p><p><strong>S\u00e1bado 6 de septiembre<\/strong><br \/>16:00 a 18:00 hs: Demostraci\u00f3n de juegos tradicionales: juegos de riendas, carrera de sortijas, criollo de Am\u00e9rica y m\u00e1s entretenimientos en la pista equina.<br \/>19:00 hs: Disertaci\u00f3n de Maricruz Dibella.<\/p><p><strong>Domingo 7 de septiembre<\/strong><br \/>11:00 a 12:30 Hs: Demostraci\u00f3n de aparte campero.<br \/>13:00 hs: Almuerzo.<br \/>16:00 a 18:00 hs: Demostraci\u00f3n de juegos tradicionales<br \/>19:00 hs: Presentaci\u00f3n conjunta de disertaci\u00f3n por Maricruz Dibella y su hija.<\/p>\t\t\t\t\t\t\t\t<\/div>\n\t\t\t\t<\/div>\n\t\t\t\t\t<\/div>\n\t\t\t\t<\/div>\n\t\t<div class=\"elementor-element elementor-element-c4d461c e-flex e-con-boxed e-con e-parent\" data-id=\"c4d461c\" data-element_type=\"container\" data-e-type=\"container\">\n\t\t\t\t\t<div class=\"e-con-inner\">\n\t\t<div class=\"elementor-element elementor-element-5b55691 e-con-full e-flex e-con e-child\" data-id=\"5b55691\" data-element_type=\"container\" data-e-type=\"container\">\n\t\t\t\t<div class=\"elementor-element elementor-element-2977d36 elementor-widget elementor-widget-image\" data-id=\"2977d36\" data-element_type=\"widget\" data-e-type=\"widget\" data-widget_type=\"image.default\">\n\t\t\t\t<div class=\"elementor-widget-container\">\n\t\t\t\t\t\t\t\t\t\t\t\t\t\t\t<img loading=\"lazy\" decoding=\"async\" width=\"850\" height=\"560\" src=\"https:\/\/megaexpovillamaria.com.ar\/exposicion-villa-maria\/wp-content\/uploads\/2025\/06\/expo_mascotas24.jpg\" class=\"attachment-full size-full wp-image-32\" alt=\"\" srcset=\"https:\/\/megaexpovillamaria.com.ar\/exposicion-villa-maria\/wp-content\/uploads\/2025\/06\/expo_mascotas24.jpg 850w, https:\/\/megaexpovillamaria.com.ar\/exposicion-villa-maria\/wp-content\/uploads\/2025\/06\/expo_mascotas24-300x198.jpg 300w, https:\/\/megaexpovillamaria.com.ar\/exposicion-villa-maria\/wp-content\/uploads\/2025\/06\/expo_mascotas24-768x506.jpg 768w\" sizes=\"(max-width: 850px) 100vw, 850px\" \/>\t\t\t\t\t\t\t\t\t\t\t\t\t\t\t<\/div>\n\t\t\t\t<\/div>\n\t\t\t\t<\/div>\n\t\t<div class=\"elementor-element elementor-element-754e460 e-con-full e-flex e-con e-child\" data-id=\"754e460\" data-element_type=\"container\" data-e-type=\"container\">\n\t\t\t\t<div class=\"elementor-element elementor-element-5a5aba0 elementor-widget elementor-widget-text-editor\" data-id=\"5a5aba0\" data-element_type=\"widget\" data-e-type=\"widget\" data-widget_type=\"text-editor.default\">\n\t\t\t\t<div class=\"elementor-widget-container\">\n\t\t\t\t\t\t\t\t\t<p><strong>Encuentro de Mascotas y Mascoteros<br \/><\/strong>(Domingo 7 de septiembre)<\/p><p>Desde las 9:00 hs.<\/p><p>\u00a1Tu mascota es parte de tu familia\u2026 y queremos conocerla!<\/p><p>El domingo 7 de septiembre te esperamos en la Sociedad Rural de Villa Mar\u00eda, en el marco de MECA25, para disfrutar juntos del Gran Encuentro de Mascotas.<\/p><p>Habr\u00e1 actividades, charlas de referentes, sorpresas y mucha diversi\u00f3n para vos y tu mejor amigo.<\/p>\t\t\t\t\t\t\t\t<\/div>\n\t\t\t\t<\/div>\n\t\t\t\t<\/div>\n\t\t\t\t\t<\/div>\n\t\t\t\t<\/div>\n\t\t<div class=\"elementor-element elementor-element-17baebe e-flex e-con-boxed e-con e-parent\" data-id=\"17baebe\" data-element_type=\"container\" data-e-type=\"container\">\n\t\t\t\t\t<div class=\"e-con-inner\">\n\t\t<div class=\"elementor-element elementor-element-ed7b92b e-con-full e-flex e-con e-child\" data-id=\"ed7b92b\" data-element_type=\"container\" data-e-type=\"container\">\n\t\t\t\t<div class=\"elementor-element elementor-element-ffbb8df elementor-widget elementor-widget-image\" data-id=\"ffbb8df\" data-element_type=\"widget\" data-e-type=\"widget\" data-widget_type=\"image.default\">\n\t\t\t\t<div class=\"elementor-widget-container\">\n\t\t\t\t\t\t\t\t\t\t\t\t\t\t\t<img loading=\"lazy\" decoding=\"async\" width=\"1024\" height=\"678\" src=\"https:\/\/megaexpovillamaria.com.ar\/exposicion-villa-maria\/wp-content\/uploads\/2025\/07\/Foto-4-1024x678.jpg\" class=\"attachment-large size-large wp-image-446\" alt=\"\" srcset=\"https:\/\/megaexpovillamaria.com.ar\/exposicion-villa-maria\/wp-content\/uploads\/2025\/07\/Foto-4-1024x678.jpg 1024w, https:\/\/megaexpovillamaria.com.ar\/exposicion-villa-maria\/wp-content\/uploads\/2025\/07\/Foto-4-300x199.jpg 300w, https:\/\/megaexpovillamaria.com.ar\/exposicion-villa-maria\/wp-content\/uploads\/2025\/07\/Foto-4-768x508.jpg 768w, https:\/\/megaexpovillamaria.com.ar\/exposicion-villa-maria\/wp-content\/uploads\/2025\/07\/Foto-4.jpg 1080w\" sizes=\"(max-width: 1024px) 100vw, 1024px\" \/>\t\t\t\t\t\t\t\t\t\t\t\t\t\t\t<\/div>\n\t\t\t\t<\/div>\n\t\t\t\t<\/div>\n\t\t<div class=\"elementor-element elementor-element-79d92b3 e-con-full e-flex e-con e-child\" data-id=\"79d92b3\" data-element_type=\"container\" data-e-type=\"container\">\n\t\t\t\t<div class=\"elementor-element elementor-element-c54d2d6 elementor-widget elementor-widget-text-editor\" data-id=\"c54d2d6\" data-element_type=\"widget\" data-e-type=\"widget\" data-widget_type=\"text-editor.default\">\n\t\t\t\t<div class=\"elementor-widget-container\">\n\t\t\t\t\t\t\t\t\t<p><strong>S\u00e1bado 6 de Septiembre | 11:00 hs.<br \/><\/strong>Exhibici\u00f3n de conejos, cerdos, ovejas y gallinas en el Espacio Granja.<\/p>\t\t\t\t\t\t\t\t<\/div>\n\t\t\t\t<\/div>\n\t\t\t\t<\/div>\n\t\t\t\t\t<\/div>\n\t\t\t\t<\/div>\n\t\t\t\t<\/div>\n\t\t","protected":false},"excerpt":{"rendered":"<p>ANIMALES PREDIO SRVM | 9:00 A 18:30hs Fiesta Nacional del Holando Jueves 4 de SeptiembrePiesta de Jura9:00 a 12:00 hs: [&hellip;]<\/p>\n","protected":false},"author":3,"featured_media":0,"parent":0,"menu_order":0,"comment_status":"closed","ping_status":"closed","template":"elementor_header_footer","meta":{"site-sidebar-layout":"no-sidebar","site-content-layout":"","ast-site-content-layout":"full-width-container","site-content-style":"default","site-sidebar-style":"default","ast-global-header-display":"","ast-banner-title-visibility":"","ast-main-header-display":"","ast-hfb-above-header-display":"","ast-hfb-below-header-display":"","ast-hfb-mobile-header-display":"","site-post-title":"disabled","ast-breadcrumbs-content":"","ast-featured-img":"disabled","footer-sml-layout":"","theme-transparent-header-meta":"","adv-header-id-meta":"","stick-header-meta":"","header-above-stick-meta":"","header-main-stick-meta":"","header-below-stick-meta":"","astra-migrate-meta-layouts":"default","ast-page-background-enabled":"default","ast-page-background-meta":{"desktop":{"background-color":"var(--ast-global-color-5)","background-image":"","background-repeat":"repeat","background-position":"center center","background-size":"auto","background-attachment":"scroll","background-type":"","background-media":"","overlay-type":"","overlay-color":"","overlay-opacity":"","overlay-gradient":""},"tablet":{"background-color":"","background-image":"","background-repeat":"repeat","background-position":"center center","background-size":"auto","background-attachment":"scroll","background-type":"","background-media":"","overlay-type":"","overlay-color":"","overlay-opacity":"","overlay-gradient":""},"mobile":{"background-color":"","background-image":"","background-repeat":"repeat","background-position":"center center","background-size":"auto","background-attachment":"scroll","background-type":"","background-media":"","overlay-type":"","overlay-color":"","overlay-opacity":"","overlay-gradient":""}},"ast-content-background-meta":{"desktop":{"background-color":"var(--ast-global-color-4)","background-image":"","background-repeat":"repeat","background-position":"center center","background-size":"auto","background-attachment":"scroll","background-type":"","background-media":"","overlay-type":"","overlay-color":"","overlay-opacity":"","overlay-gradient":""},"tablet":{"background-color":"var(--ast-global-color-4)","background-image":"","background-repeat":"repeat","background-position":"center center","background-size":"auto","background-attachment":"scroll","background-type":"","background-media":"","overlay-type":"","overlay-color":"","overlay-opacity":"","overlay-gradient":""},"mobile":{"background-color":"var(--ast-global-color-4)","background-image":"","background-repeat":"repeat","background-position":"center center","background-size":"auto","background-attachment":"scroll","background-type":"","background-media":"","overlay-type":"","overlay-color":"","overlay-opacity":"","overlay-gradient":""}},"footnotes":""},"class_list":["post-433","page","type-page","status-publish","hentry"],"_links":{"self":[{"href":"https:\/\/megaexpovillamaria.com.ar\/exposicion-villa-maria\/wp-json\/wp\/v2\/pages\/433","targetHints":{"allow":["GET"]}}],"collection":[{"href":"https:\/\/megaexpovillamaria.com.ar\/exposicion-villa-maria\/wp-json\/wp\/v2\/pages"}],"about":[{"href":"https:\/\/megaexpovillamaria.com.ar\/exposicion-villa-maria\/wp-json\/wp\/v2\/types\/page"}],"author":[{"embeddable":true,"href":"https:\/\/megaexpovillamaria.com.ar\/exposicion-villa-maria\/wp-json\/wp\/v2\/users\/3"}],"replies":[{"embeddable":true,"href":"https:\/\/megaexpovillamaria.com.ar\/exposicion-villa-maria\/wp-json\/wp\/v2\/comments?post=433"}],"version-history":[{"count":14,"href":"https:\/\/megaexpovillamaria.com.ar\/exposicion-villa-maria\/wp-json\/wp\/v2\/pages\/433\/revisions"}],"predecessor-version":[{"id":810,"href":"https:\/\/megaexpovillamaria.com.ar\/exposicion-villa-maria\/wp-json\/wp\/v2\/pages\/433\/revisions\/810"}],"wp:attachment":[{"href":"https:\/\/megaexpovillamaria.com.ar\/exposicion-villa-maria\/wp-json\/wp\/v2\/media?parent=433"}],"curies":[{"name":"wp","href":"https:\/\/api.w.org\/{rel}","templated":true}]}}