{"id":392,"date":"2025-07-29T19:47:10","date_gmt":"2025-07-29T19:47:10","guid":{"rendered":"https:\/\/megaexpovillamaria.com.ar\/exposicion-villa-maria\/?page_id=392"},"modified":"2025-08-22T12:24:53","modified_gmt":"2025-08-22T12:24:53","slug":"drones-agricolas","status":"publish","type":"page","link":"https:\/\/megaexpovillamaria.com.ar\/exposicion-villa-maria\/drones-agricolas\/","title":{"rendered":"Drones Agr\u00edcolas"},"content":{"rendered":"\t\t<div data-elementor-type=\"wp-page\" data-elementor-id=\"392\" class=\"elementor elementor-392\">\n\t\t\t\t<div class=\"elementor-element elementor-element-43ff12f8 e-flex e-con-boxed e-con e-parent\" data-id=\"43ff12f8\" data-element_type=\"container\" data-e-type=\"container\" data-settings=\"{&quot;background_background&quot;:&quot;classic&quot;}\">\n\t\t\t\t\t<div class=\"e-con-inner\">\n\t\t\t\t<div class=\"elementor-element elementor-element-306caf54 elementor-widget__width-initial elementor-widget elementor-widget-elementskit-heading\" data-id=\"306caf54\" data-element_type=\"widget\" data-e-type=\"widget\" data-widget_type=\"elementskit-heading.default\">\n\t\t\t\t<div class=\"elementor-widget-container\">\n\t\t\t\t\t<div class=\"ekit-wid-con\" ><div class=\"ekit-heading elementskit-section-title-wraper center   ekit_heading_tablet-   ekit_heading_mobile-\"><h2 class=\"ekit-heading--title elementskit-section-title \">Taller Te\u00f3rico\/Pr\u00e1ctico sobre \u201cDrones Agr\u00edcolas\u201d<\/h2><\/div><\/div>\t\t\t\t<\/div>\n\t\t\t\t<\/div>\n\t\t\t\t<div class=\"elementor-element elementor-element-52c87734 elementor-widget elementor-widget-heading\" data-id=\"52c87734\" data-element_type=\"widget\" data-e-type=\"widget\" data-widget_type=\"heading.default\">\n\t\t\t\t<div class=\"elementor-widget-container\">\n\t\t\t\t\t<h2 class=\"elementor-heading-title elementor-size-default\">VIERNES 5 DE SEPTIEMBRE | 9:00 HS | AUDITORIO PRINCIPAL<\/h2>\t\t\t\t<\/div>\n\t\t\t\t<\/div>\n\t\t\t\t\t<\/div>\n\t\t\t\t<\/div>\n\t\t<div class=\"elementor-element elementor-element-6ca2600 e-flex e-con-boxed e-con e-parent\" data-id=\"6ca2600\" data-element_type=\"container\" data-e-type=\"container\">\n\t\t\t\t\t<div class=\"e-con-inner\">\n\t\t\t\t<div class=\"elementor-element elementor-element-d688251 elementor-widget elementor-widget-spacer\" data-id=\"d688251\" data-element_type=\"widget\" data-e-type=\"widget\" data-widget_type=\"spacer.default\">\n\t\t\t\t<div class=\"elementor-widget-container\">\n\t\t\t\t\t\t\t<div class=\"elementor-spacer\">\n\t\t\t<div class=\"elementor-spacer-inner\"><\/div>\n\t\t<\/div>\n\t\t\t\t\t\t<\/div>\n\t\t\t\t<\/div>\n\t\t\t\t<div class=\"elementor-element elementor-element-d916bb8 elementor-widget elementor-widget-text-editor\" data-id=\"d916bb8\" data-element_type=\"widget\" data-e-type=\"widget\" data-widget_type=\"text-editor.default\">\n\t\t\t\t<div class=\"elementor-widget-container\">\n\t\t\t\t\t\t\t\t\t<p>Cada vez m\u00e1s presentes en los campos argentinos, los drones agr\u00edcolas se consolidan como una tecnolog\u00eda estrat\u00e9gica para una producci\u00f3n m\u00e1s precisa, eficiente y sustentable. Permiten realizar aplicaciones selectivas de fitosanitarios, monitorear cultivos con c\u00e1maras multiespectrales, mapear lotes en tiempo real, identificar malezas o plagas y optimizar el uso de recursos. Su adopci\u00f3n crece a\u00f1o tras a\u00f1o, impulsada por la necesidad de producir m\u00e1s con menos impacto ambiental y por el avance de las soluciones digitales en el agro.<\/p><p>De \u00e9ste modo, el Taller de Drones Agr\u00edcolas ofrecer\u00e1 una oportunidad \u00fanica para profundizar en el uso de estas herramientas tecnol\u00f3gicas que est\u00e1n revolucionando la producci\u00f3n agropecuaria.<\/p><p><span style=\"text-decoration: underline;\"><em>Esta dividido en dos m\u00f3dulos<\/em><\/span><\/p><p><strong>M\u00f3dulo Te\u00f3rico (Auditorio Principal):<\/strong><\/p><p><strong>9:00 hs<\/strong> &#8211; \u00bfDonde estamos y hacia donde vamos en materia de Drones Agr\u00edcolas? \u00abLo que hay que saber antes de volar\u201d. Funcionamiento, regulaciones, tipos de equipos, requerimientos operativos y claves para un manejo eficiente y seguro en el campo. <em><strong>Charla a cargo de Nicol\u00e1s Marcucci, referente del segmento en Argentina y la regi\u00f3n.<\/strong><\/em><\/p><p><strong>9:45 hs<\/strong> &#8211; Panel de Consultas e Intercambio<\/p>\t\t\t\t\t\t\t\t<\/div>\n\t\t\t\t<\/div>\n\t\t\t\t\t<\/div>\n\t\t\t\t<\/div>\n\t\t<div class=\"elementor-element elementor-element-2b3e401 e-flex e-con-boxed e-con e-parent\" data-id=\"2b3e401\" data-element_type=\"container\" data-e-type=\"container\">\n\t\t\t\t\t<div class=\"e-con-inner\">\n\t\t\t\t<div class=\"elementor-element elementor-element-f375b62 elementor-widget-divider--view-line elementor-widget elementor-widget-divider\" data-id=\"f375b62\" data-element_type=\"widget\" data-e-type=\"widget\" data-widget_type=\"divider.default\">\n\t\t\t\t<div class=\"elementor-widget-container\">\n\t\t\t\t\t\t\t<div class=\"elementor-divider\">\n\t\t\t<span class=\"elementor-divider-separator\">\n\t\t\t\t\t\t<\/span>\n\t\t<\/div>\n\t\t\t\t\t\t<\/div>\n\t\t\t\t<\/div>\n\t\t\t\t\t<\/div>\n\t\t\t\t<\/div>\n\t\t<div class=\"elementor-element elementor-element-7bdae59 e-flex e-con-boxed e-con e-parent\" data-id=\"7bdae59\" data-element_type=\"container\" data-e-type=\"container\">\n\t\t\t\t\t<div class=\"e-con-inner\">\n\t\t\t\t<div class=\"elementor-element elementor-element-37e73ba elementor-widget elementor-widget-text-editor\" data-id=\"37e73ba\" data-element_type=\"widget\" data-e-type=\"widget\" data-widget_type=\"text-editor.default\">\n\t\t\t\t<div class=\"elementor-widget-container\">\n\t\t\t\t\t\t\t\t\t<p><strong>M\u00f3dulo Pr\u00e1ctico (Estacionamiento MECA25):<\/strong><\/p><p><strong>10:30 hs<\/strong> &#8211; Din\u00e1mica a campo con las principales marcas de drones agr\u00edcolas: DJI, XAG Atlas, GTEEX y TopXGun. <em><strong>A cargo de sus Representantes Oficiales.<\/strong><\/em><\/p><p><strong>11:30 hs<\/strong> &#8211; <span style=\"font-size: 16px;\">Presentaci\u00f3n de novedades <em><strong>a cargo de empresas l\u00edderes en el segmento AgTech.<\/strong><\/em><\/span><\/p><p><strong>12:00 hs<\/strong> &#8211;\u00a0Panel de Experiencias a Campo, con testimonios reales de <em><strong>t\u00e9cnicos y productores que utilizan \u00e9stos equipos en sus sistemas de producci\u00f3n.<\/strong><\/em><\/p><p><strong>12:30 hs<\/strong> &#8211; Ronda abierta de preguntas con los especialistas. Intercambio entre productores, t\u00e9cnicos y empresas auspiciantes.<\/p>\t\t\t\t\t\t\t\t<\/div>\n\t\t\t\t<\/div>\n\t\t\t\t\t<\/div>\n\t\t\t\t<\/div>\n\t\t\t\t<\/div>\n\t\t","protected":false},"excerpt":{"rendered":"<p>Taller Te\u00f3rico\/Pr\u00e1ctico sobre \u201cDrones Agr\u00edcolas\u201d VIERNES 5 DE SEPTIEMBRE | 9:00 HS | AUDITORIO PRINCIPAL Cada vez m\u00e1s presentes en [&hellip;]<\/p>\n","protected":false},"author":3,"featured_media":0,"parent":0,"menu_order":0,"comment_status":"closed","ping_status":"closed","template":"elementor_header_footer","meta":{"site-sidebar-layout":"no-sidebar","site-content-layout":"","ast-site-content-layout":"full-width-container","site-content-style":"default","site-sidebar-style":"default","ast-global-header-display":"","ast-banner-title-visibility":"","ast-main-header-display":"","ast-hfb-above-header-display":"","ast-hfb-below-header-display":"","ast-hfb-mobile-header-display":"","site-post-title":"disabled","ast-breadcrumbs-content":"","ast-featured-img":"disabled","footer-sml-layout":"","theme-transparent-header-meta":"","adv-header-id-meta":"","stick-header-meta":"","header-above-stick-meta":"","header-main-stick-meta":"","header-below-stick-meta":"","astra-migrate-meta-layouts":"default","ast-page-background-enabled":"default","ast-page-background-meta":{"desktop":{"background-color":"var(--ast-global-color-5)","background-image":"","background-repeat":"repeat","background-position":"center center","background-size":"auto","background-attachment":"scroll","background-type":"","background-media":"","overlay-type":"","overlay-color":"","overlay-opacity":"","overlay-gradient":""},"tablet":{"background-color":"","background-image":"","background-repeat":"repeat","background-position":"center center","background-size":"auto","background-attachment":"scroll","background-type":"","background-media":"","overlay-type":"","overlay-color":"","overlay-opacity":"","overlay-gradient":""},"mobile":{"background-color":"","background-image":"","background-repeat":"repeat","background-position":"center center","background-size":"auto","background-attachment":"scroll","background-type":"","background-media":"","overlay-type":"","overlay-color":"","overlay-opacity":"","overlay-gradient":""}},"ast-content-background-meta":{"desktop":{"background-color":"var(--ast-global-color-4)","background-image":"","background-repeat":"repeat","background-position":"center center","background-size":"auto","background-attachment":"scroll","background-type":"","background-media":"","overlay-type":"","overlay-color":"","overlay-opacity":"","overlay-gradient":""},"tablet":{"background-color":"var(--ast-global-color-4)","background-image":"","background-repeat":"repeat","background-position":"center center","background-size":"auto","background-attachment":"scroll","background-type":"","background-media":"","overlay-type":"","overlay-color":"","overlay-opacity":"","overlay-gradient":""},"mobile":{"background-color":"var(--ast-global-color-4)","background-image":"","background-repeat":"repeat","background-position":"center center","background-size":"auto","background-attachment":"scroll","background-type":"","background-media":"","overlay-type":"","overlay-color":"","overlay-opacity":"","overlay-gradient":""}},"footnotes":""},"class_list":["post-392","page","type-page","status-publish","hentry"],"_links":{"self":[{"href":"https:\/\/megaexpovillamaria.com.ar\/exposicion-villa-maria\/wp-json\/wp\/v2\/pages\/392","targetHints":{"allow":["GET"]}}],"collection":[{"href":"https:\/\/megaexpovillamaria.com.ar\/exposicion-villa-maria\/wp-json\/wp\/v2\/pages"}],"about":[{"href":"https:\/\/megaexpovillamaria.com.ar\/exposicion-villa-maria\/wp-json\/wp\/v2\/types\/page"}],"author":[{"embeddable":true,"href":"https:\/\/megaexpovillamaria.com.ar\/exposicion-villa-maria\/wp-json\/wp\/v2\/users\/3"}],"replies":[{"embeddable":true,"href":"https:\/\/megaexpovillamaria.com.ar\/exposicion-villa-maria\/wp-json\/wp\/v2\/comments?post=392"}],"version-history":[{"count":16,"href":"https:\/\/megaexpovillamaria.com.ar\/exposicion-villa-maria\/wp-json\/wp\/v2\/pages\/392\/revisions"}],"predecessor-version":[{"id":667,"href":"https:\/\/megaexpovillamaria.com.ar\/exposicion-villa-maria\/wp-json\/wp\/v2\/pages\/392\/revisions\/667"}],"wp:attachment":[{"href":"https:\/\/megaexpovillamaria.com.ar\/exposicion-villa-maria\/wp-json\/wp\/v2\/media?parent=392"}],"curies":[{"name":"wp","href":"https:\/\/api.w.org\/{rel}","templated":true}]}}